{"id":781,"date":"2025-12-18T16:59:07","date_gmt":"2025-12-18T15:59:07","guid":{"rendered":"https:\/\/brandipruebas.com\/?page_id=781"},"modified":"2026-04-14T12:40:03","modified_gmt":"2026-04-14T10:40:03","slug":"kidsus","status":"publish","type":"page","link":"https:\/\/brandipruebas.com\/en\/participadas\/kidsus\/","title":{"rendered":"Kids&amp;us"},"content":{"rendered":"<div data-elementor-type=\"wp-page\" data-elementor-id=\"781\" class=\"elementor elementor-781\" data-elementor-post-type=\"page\">\n\t\t\t\t<div class=\"elementor-element elementor-element-2300eb2 e-con-full e-flex e-con e-parent\" data-id=\"2300eb2\" data-element_type=\"container\" data-settings=\"{&quot;background_background&quot;:&quot;classic&quot;}\">\n\t\t<div class=\"elementor-element elementor-element-b263985 e-con-full elementor-hidden-mobile e-flex e-con e-child\" data-id=\"b263985\" data-element_type=\"container\">\n\t\t\t\t<div class=\"elementor-element elementor-element-2f9e796 elementor-widget elementor-widget-image\" data-id=\"2f9e796\" data-element_type=\"widget\" data-widget_type=\"image.default\">\n\t\t\t\t\t\t\t\t\t\t\t\t\t\t\t\t<a href=\"https:\/\/brandipruebas.com\/en\/participadas\/gruas-fuentes\/\">\n\t\t\t\t\t\t\t<img decoding=\"async\" width=\"33\" height=\"63\" src=\"https:\/\/brandipruebas.com\/wp-content\/uploads\/2025\/12\/Group-2.png\" class=\"elementor-animation-shrink attachment-full size-full wp-image-785\" alt=\"\" \/>\t\t\t\t\t\t\t\t<\/a>\n\t\t\t\t\t\t\t\t\t\t\t\t\t\t\t<\/div>\n\t\t\t\t<\/div>\n\t\t<div class=\"elementor-element elementor-element-4c0a91b e-con-full e-flex e-con e-child\" data-id=\"4c0a91b\" data-element_type=\"container\">\n\t\t<div class=\"elementor-element elementor-element-249bf84 e-con-full e-flex e-con e-child\" data-id=\"249bf84\" data-element_type=\"container\" data-settings=\"{&quot;background_background&quot;:&quot;classic&quot;}\">\n\t\t<div class=\"elementor-element elementor-element-e92fb47 e-con-full e-flex e-con e-child\" data-id=\"e92fb47\" data-element_type=\"container\">\n\t\t\t\t<div class=\"elementor-element elementor-element-9c78771 elementor-widget elementor-widget-heading\" data-id=\"9c78771\" data-element_type=\"widget\" data-widget_type=\"heading.default\">\n\t\t\t\t\t<h1 class=\"elementor-heading-title elementor-size-default\">Kids &amp; Us<\/h1>\t\t\t\t<\/div>\n\t\t\t\t<div class=\"elementor-element elementor-element-890c094 elementor-widget elementor-widget-heading\" data-id=\"890c094\" data-element_type=\"widget\" data-widget_type=\"heading.default\">\n\t\t\t\t\t<h2 class=\"elementor-heading-title elementor-size-default\">English language teaching for children<\/h2>\t\t\t\t<\/div>\n\t\t<div class=\"elementor-element elementor-element-60c0b7c e-con-full e-flex e-con e-child\" data-id=\"60c0b7c\" data-element_type=\"container\">\n\t\t\t\t<div class=\"elementor-element elementor-element-0d991b5 elementor-icon-list--layout-traditional elementor-list-item-link-full_width elementor-widget elementor-widget-icon-list\" data-id=\"0d991b5\" data-element_type=\"widget\" data-widget_type=\"icon-list.default\">\n\t\t\t\t\t\t\t<ul class=\"elementor-icon-list-items\">\n\t\t\t\t\t\t\t<li class=\"elementor-icon-list-item\">\n\t\t\t\t\t\t\t\t\t\t\t<span class=\"elementor-icon-list-icon\">\n\t\t\t\t\t\t\t<svg xmlns=\"http:\/\/www.w3.org\/2000\/svg\" id=\"Capa_1\" data-name=\"Capa 1\" viewbox=\"0 0 1080 1080\"><defs><style>      .cls-1 {        fill: #1d1d1b;      }      .cls-1, .cls-2, .cls-3 {        font-family: SchibstedGrotesk-Regular, 'Schibsted Grotesk';        font-size: 1000px;        font-variation-settings: 'wght' 400;      }      .cls-2 {        fill: #1a2947;      }      .cls-3 {        fill: #a3d4e2;      }    <\/style><\/defs><text class=\"cls-3\" transform=\"translate(222.62 847.37)\"><tspan x=\"0\" y=\"0\">+<\/tspan><\/text><text class=\"cls-1\" transform=\"translate(-1001.77 1660.48) rotate(45)\"><tspan x=\"0\" y=\"0\">+<\/tspan><\/text><text class=\"cls-3\" transform=\"translate(98.23 1660.48) rotate(45)\"><tspan x=\"0\" y=\"0\">+<\/tspan><\/text><text class=\"cls-2\" transform=\"translate(1221.48 1660.48) rotate(45)\"><tspan x=\"0\" y=\"0\">+<\/tspan><\/text><\/svg>\t\t\t\t\t\t<\/span>\n\t\t\t\t\t\t\t\t\t\t<span class=\"elementor-icon-list-text\">Transaction Type<\/span>\n\t\t\t\t\t\t\t\t\t<\/li>\n\t\t\t\t\t\t<\/ul>\n\t\t\t\t\t\t<\/div>\n\t\t\t\t<div class=\"elementor-element elementor-element-8069e54 elementor-widget-divider--view-line elementor-widget elementor-widget-divider\" data-id=\"8069e54\" data-element_type=\"widget\" data-widget_type=\"divider.default\">\n\t\t\t\t\t\t\t<div class=\"elementor-divider\">\n\t\t\t<span class=\"elementor-divider-separator\">\n\t\t\t\t\t\t<\/span>\n\t\t<\/div>\n\t\t\t\t\t\t<\/div>\n\t\t\t\t<div class=\"elementor-element elementor-element-617d356 elementor-widget elementor-widget-heading\" data-id=\"617d356\" data-element_type=\"widget\" data-widget_type=\"heading.default\">\n\t\t\t\t\t<h2 class=\"elementor-heading-title elementor-size-default\">Owner\u2019s Buy-Out (OBO)\n<\/h2>\t\t\t\t<\/div>\n\t\t\t\t<\/div>\n\t\t<div class=\"elementor-element elementor-element-4bd7660 e-con-full e-flex e-con e-child\" data-id=\"4bd7660\" data-element_type=\"container\">\n\t\t\t\t<div class=\"elementor-element elementor-element-add3254 elementor-icon-list--layout-traditional elementor-list-item-link-full_width elementor-widget elementor-widget-icon-list\" data-id=\"add3254\" data-element_type=\"widget\" data-widget_type=\"icon-list.default\">\n\t\t\t\t\t\t\t<ul class=\"elementor-icon-list-items\">\n\t\t\t\t\t\t\t<li class=\"elementor-icon-list-item\">\n\t\t\t\t\t\t\t\t\t\t\t<span class=\"elementor-icon-list-icon\">\n\t\t\t\t\t\t\t<svg xmlns=\"http:\/\/www.w3.org\/2000\/svg\" id=\"Capa_1\" data-name=\"Capa 1\" viewbox=\"0 0 1080 1080\"><defs><style>      .cls-1 {        fill: #1d1d1b;      }      .cls-1, .cls-2, .cls-3 {        font-family: SchibstedGrotesk-Regular, 'Schibsted Grotesk';        font-size: 1000px;        font-variation-settings: 'wght' 400;      }      .cls-2 {        fill: #1a2947;      }      .cls-3 {        fill: #a3d4e2;      }    <\/style><\/defs><text class=\"cls-3\" transform=\"translate(222.62 847.37)\"><tspan x=\"0\" y=\"0\">+<\/tspan><\/text><text class=\"cls-1\" transform=\"translate(-1001.77 1660.48) rotate(45)\"><tspan x=\"0\" y=\"0\">+<\/tspan><\/text><text class=\"cls-3\" transform=\"translate(98.23 1660.48) rotate(45)\"><tspan x=\"0\" y=\"0\">+<\/tspan><\/text><text class=\"cls-2\" transform=\"translate(1221.48 1660.48) rotate(45)\"><tspan x=\"0\" y=\"0\">+<\/tspan><\/text><\/svg>\t\t\t\t\t\t<\/span>\n\t\t\t\t\t\t\t\t\t\t<span class=\"elementor-icon-list-text\">Equity stake<\/span>\n\t\t\t\t\t\t\t\t\t<\/li>\n\t\t\t\t\t\t<\/ul>\n\t\t\t\t\t\t<\/div>\n\t\t\t\t<div class=\"elementor-element elementor-element-1f4dbdf elementor-widget-divider--view-line elementor-widget elementor-widget-divider\" data-id=\"1f4dbdf\" data-element_type=\"widget\" data-widget_type=\"divider.default\">\n\t\t\t\t\t\t\t<div class=\"elementor-divider\">\n\t\t\t<span class=\"elementor-divider-separator\">\n\t\t\t\t\t\t<\/span>\n\t\t<\/div>\n\t\t\t\t\t\t<\/div>\n\t\t\t\t<div class=\"elementor-element elementor-element-d524c2c elementor-widget elementor-widget-heading\" data-id=\"d524c2c\" data-element_type=\"widget\" data-widget_type=\"heading.default\">\n\t\t\t\t\t<h2 class=\"elementor-heading-title elementor-size-default\">N\/A<\/h2>\t\t\t\t<\/div>\n\t\t\t\t<\/div>\n\t\t<div class=\"elementor-element elementor-element-561fd15 e-con-full e-flex e-con e-child\" data-id=\"561fd15\" data-element_type=\"container\">\n\t\t\t\t<div class=\"elementor-element elementor-element-532e625 elementor-icon-list--layout-traditional elementor-list-item-link-full_width elementor-widget elementor-widget-icon-list\" data-id=\"532e625\" data-element_type=\"widget\" data-widget_type=\"icon-list.default\">\n\t\t\t\t\t\t\t<ul class=\"elementor-icon-list-items\">\n\t\t\t\t\t\t\t<li class=\"elementor-icon-list-item\">\n\t\t\t\t\t\t\t\t\t\t\t<span class=\"elementor-icon-list-icon\">\n\t\t\t\t\t\t\t<svg xmlns=\"http:\/\/www.w3.org\/2000\/svg\" id=\"Capa_1\" data-name=\"Capa 1\" viewbox=\"0 0 1080 1080\"><defs><style>      .cls-1 {        fill: #1d1d1b;      }      .cls-1, .cls-2, .cls-3 {        font-family: SchibstedGrotesk-Regular, 'Schibsted Grotesk';        font-size: 1000px;        font-variation-settings: 'wght' 400;      }      .cls-2 {        fill: #1a2947;      }      .cls-3 {        fill: #a3d4e2;      }    <\/style><\/defs><text class=\"cls-3\" transform=\"translate(222.62 847.37)\"><tspan x=\"0\" y=\"0\">+<\/tspan><\/text><text class=\"cls-1\" transform=\"translate(-1001.77 1660.48) rotate(45)\"><tspan x=\"0\" y=\"0\">+<\/tspan><\/text><text class=\"cls-3\" transform=\"translate(98.23 1660.48) rotate(45)\"><tspan x=\"0\" y=\"0\">+<\/tspan><\/text><text class=\"cls-2\" transform=\"translate(1221.48 1660.48) rotate(45)\"><tspan x=\"0\" y=\"0\">+<\/tspan><\/text><\/svg>\t\t\t\t\t\t<\/span>\n\t\t\t\t\t\t\t\t\t\t<span class=\"elementor-icon-list-text\">Investment year<\/span>\n\t\t\t\t\t\t\t\t\t<\/li>\n\t\t\t\t\t\t<\/ul>\n\t\t\t\t\t\t<\/div>\n\t\t\t\t<div class=\"elementor-element elementor-element-6cdcfcd elementor-widget-divider--view-line elementor-widget elementor-widget-divider\" data-id=\"6cdcfcd\" data-element_type=\"widget\" data-widget_type=\"divider.default\">\n\t\t\t\t\t\t\t<div class=\"elementor-divider\">\n\t\t\t<span class=\"elementor-divider-separator\">\n\t\t\t\t\t\t<\/span>\n\t\t<\/div>\n\t\t\t\t\t\t<\/div>\n\t\t\t\t<div class=\"elementor-element elementor-element-7e5c468 elementor-widget elementor-widget-heading\" data-id=\"7e5c468\" data-element_type=\"widget\" data-widget_type=\"heading.default\">\n\t\t\t\t\t<h2 class=\"elementor-heading-title elementor-size-default\">2017<\/h2>\t\t\t\t<\/div>\n\t\t\t\t<\/div>\n\t\t<div class=\"elementor-element elementor-element-0907725 e-con-full e-flex e-con e-child\" data-id=\"0907725\" data-element_type=\"container\">\n\t\t\t\t<div class=\"elementor-element elementor-element-50b992e elementor-icon-list--layout-traditional elementor-list-item-link-full_width elementor-widget elementor-widget-icon-list\" data-id=\"50b992e\" data-element_type=\"widget\" data-widget_type=\"icon-list.default\">\n\t\t\t\t\t\t\t<ul class=\"elementor-icon-list-items\">\n\t\t\t\t\t\t\t<li class=\"elementor-icon-list-item\">\n\t\t\t\t\t\t\t\t\t\t\t<span class=\"elementor-icon-list-icon\">\n\t\t\t\t\t\t\t<svg xmlns=\"http:\/\/www.w3.org\/2000\/svg\" id=\"Capa_1\" data-name=\"Capa 1\" viewbox=\"0 0 1080 1080\"><defs><style>      .cls-1 {        fill: #1d1d1b;      }      .cls-1, .cls-2, .cls-3 {        font-family: SchibstedGrotesk-Regular, 'Schibsted Grotesk';        font-size: 1000px;        font-variation-settings: 'wght' 400;      }      .cls-2 {        fill: #1a2947;      }      .cls-3 {        fill: #a3d4e2;      }    <\/style><\/defs><text class=\"cls-3\" transform=\"translate(222.62 847.37)\"><tspan x=\"0\" y=\"0\">+<\/tspan><\/text><text class=\"cls-1\" transform=\"translate(-1001.77 1660.48) rotate(45)\"><tspan x=\"0\" y=\"0\">+<\/tspan><\/text><text class=\"cls-3\" transform=\"translate(98.23 1660.48) rotate(45)\"><tspan x=\"0\" y=\"0\">+<\/tspan><\/text><text class=\"cls-2\" transform=\"translate(1221.48 1660.48) rotate(45)\"><tspan x=\"0\" y=\"0\">+<\/tspan><\/text><\/svg>\t\t\t\t\t\t<\/span>\n\t\t\t\t\t\t\t\t\t\t<span class=\"elementor-icon-list-text\">Headquarters<\/span>\n\t\t\t\t\t\t\t\t\t<\/li>\n\t\t\t\t\t\t<\/ul>\n\t\t\t\t\t\t<\/div>\n\t\t\t\t<div class=\"elementor-element elementor-element-40692a3 elementor-widget-divider--view-line elementor-widget elementor-widget-divider\" data-id=\"40692a3\" data-element_type=\"widget\" data-widget_type=\"divider.default\">\n\t\t\t\t\t\t\t<div class=\"elementor-divider\">\n\t\t\t<span class=\"elementor-divider-separator\">\n\t\t\t\t\t\t<\/span>\n\t\t<\/div>\n\t\t\t\t\t\t<\/div>\n\t\t\t\t<div class=\"elementor-element elementor-element-30c87c4 elementor-widget elementor-widget-heading\" data-id=\"30c87c4\" data-element_type=\"widget\" data-widget_type=\"heading.default\">\n\t\t\t\t\t<h2 class=\"elementor-heading-title elementor-size-default\">Manresa (Spain)<\/h2>\t\t\t\t<\/div>\n\t\t\t\t<\/div>\n\t\t\t\t<\/div>\n\t\t<div class=\"elementor-element elementor-element-e7c0bb5 e-con-full e-flex e-con e-child\" data-id=\"e7c0bb5\" data-element_type=\"container\">\n\t\t\t\t<div class=\"elementor-element elementor-element-69ea44c elementor-widget elementor-widget-text-editor\" data-id=\"69ea44c\" data-element_type=\"widget\" data-widget_type=\"text-editor.default\">\n\t\t\t\t\t\t\t\t\t<p>Kids&amp;Us is the leading English teaching chain for children in Spain. Kids &amp; Us has developed a own method of English language learning, with materials adapted to each age under the principles of innovation, quality and maximum pedagogical effectiveness. Kids &amp; Us has more than 495 centres in Spain serving more than 150,000 students. Additionally, it operates more than 200 centres with 42,000 students mainly Italy, France or Mexico.<\/p>\n<p>In 2017 Corpfin acquired a majority stake in the company together with its founders, with the aim of promoting a new stage of growth and professionalization of the company.<\/p>\t\t\t\t\t\t\t\t<\/div>\n\t\t\t\t<div class=\"elementor-element elementor-element-8f2fcbc elementor-align-left elementor-widget elementor-widget-button\" data-id=\"8f2fcbc\" data-element_type=\"widget\" data-widget_type=\"button.default\">\n\t\t\t\t\t\t\t\t\t\t<a class=\"elementor-button elementor-button-link elementor-size-sm\" href=\"https:\/\/www.kidsandus.es\/es\" target=\"_blank\">\n\t\t\t\t\t\t<span class=\"elementor-button-content-wrapper\">\n\t\t\t\t\t\t\t\t\t<span class=\"elementor-button-text\">kidsandus.es<\/span>\n\t\t\t\t\t<\/span>\n\t\t\t\t\t<\/a>\n\t\t\t\t\t\t\t\t<\/div>\n\t\t\t\t<\/div>\n\t\t\t\t<\/div>\n\t\t\t\t<\/div>\n\t\t<div class=\"elementor-element elementor-element-7735bd1 e-con-full elementor-hidden-mobile e-flex e-con e-child\" data-id=\"7735bd1\" data-element_type=\"container\">\n\t\t\t\t<div class=\"elementor-element elementor-element-6f5660f elementor-widget elementor-widget-image\" data-id=\"6f5660f\" data-element_type=\"widget\" data-widget_type=\"image.default\">\n\t\t\t\t\t\t\t\t\t\t\t\t\t\t\t\t<a href=\"https:\/\/brandipruebas.com\/en\/participadas\/mediterraneo\/\">\n\t\t\t\t\t\t\t<img decoding=\"async\" width=\"33\" height=\"63\" src=\"https:\/\/brandipruebas.com\/wp-content\/uploads\/2025\/12\/Group-1.png\" class=\"elementor-animation-shrink attachment-full size-full wp-image-784\" alt=\"\" \/>\t\t\t\t\t\t\t\t<\/a>\n\t\t\t\t\t\t\t\t\t\t\t\t\t\t\t<\/div>\n\t\t\t\t<\/div>\n\t\t\t\t<\/div>\n\t\t<div class=\"elementor-element elementor-element-46f8e88 elementor-hidden-desktop elementor-hidden-tablet e-flex e-con-boxed e-con e-parent\" data-id=\"46f8e88\" data-element_type=\"container\" data-settings=\"{&quot;background_background&quot;:&quot;classic&quot;}\">\n\t\t\t\t\t<div class=\"e-con-inner\">\n\t\t<div class=\"elementor-element elementor-element-425977d e-con-full e-flex e-con e-child\" data-id=\"425977d\" data-element_type=\"container\">\n\t\t\t\t<div class=\"elementor-element elementor-element-ccd9c3a elementor-widget elementor-widget-image\" data-id=\"ccd9c3a\" data-element_type=\"widget\" data-widget_type=\"image.default\">\n\t\t\t\t\t\t\t\t\t\t\t\t\t\t\t\t<a href=\"https:\/\/brandipruebas.com\/en\/participadas\/gruas-fuentes\/\">\n\t\t\t\t\t\t\t<img decoding=\"async\" width=\"33\" height=\"63\" src=\"https:\/\/brandipruebas.com\/wp-content\/uploads\/2025\/12\/Group-2.png\" class=\"elementor-animation-shrink attachment-full size-full wp-image-785\" alt=\"\" \/>\t\t\t\t\t\t\t\t<\/a>\n\t\t\t\t\t\t\t\t\t\t\t\t\t\t\t<\/div>\n\t\t\t\t<\/div>\n\t\t<div class=\"elementor-element elementor-element-96fe3c1 e-con-full e-flex e-con e-child\" data-id=\"96fe3c1\" data-element_type=\"container\">\n\t\t\t\t<div class=\"elementor-element elementor-element-c9f6320 elementor-widget elementor-widget-image\" data-id=\"c9f6320\" data-element_type=\"widget\" data-widget_type=\"image.default\">\n\t\t\t\t\t\t\t\t\t\t\t\t\t\t\t\t<a href=\"https:\/\/brandipruebas.com\/en\/participadas\/mediterraneo\/\">\n\t\t\t\t\t\t\t<img decoding=\"async\" width=\"33\" height=\"63\" src=\"https:\/\/brandipruebas.com\/wp-content\/uploads\/2025\/12\/Group-1.png\" class=\"elementor-animation-shrink attachment-full size-full wp-image-784\" alt=\"\" \/>\t\t\t\t\t\t\t\t<\/a>\n\t\t\t\t\t\t\t\t\t\t\t\t\t\t\t<\/div>\n\t\t\t\t<\/div>\n\t\t\t\t\t<\/div>\n\t\t\t\t<\/div>\n\t\t\t\t<\/div>","protected":false},"excerpt":{"rendered":"<p>Kids &amp; Us Ense\u00f1anza de ingl\u00e9s para ni\u00f1os ++++ Tipo de operaci\u00f3n Owner\u2019s Buy-Out (OBO) ++++ Porcentaje accionarial N\/A ++++ A\u00f1o de inversi\u00f3n 2017 ++++ Sede Manresa (Espa\u00f1a) Kids&amp;Us es la cadena l\u00edder en Espa\u00f1a en la ense\u00f1anza de ingl\u00e9s para ni\u00f1os. Ha desarrollado un m\u00e9todo de aprendizaje natural del idioma ingl\u00e9s, con contenidos adaptados [&hellip;]<\/p>\n","protected":false},"author":1,"featured_media":0,"parent":1646,"menu_order":0,"comment_status":"closed","ping_status":"closed","template":"","meta":{"_acf_changed":false,"footnotes":""},"class_list":["post-781","page","type-page","status-publish","hentry"],"acf":[],"_links":{"self":[{"href":"https:\/\/brandipruebas.com\/en\/wp-json\/wp\/v2\/pages\/781","targetHints":{"allow":["GET"]}}],"collection":[{"href":"https:\/\/brandipruebas.com\/en\/wp-json\/wp\/v2\/pages"}],"about":[{"href":"https:\/\/brandipruebas.com\/en\/wp-json\/wp\/v2\/types\/page"}],"author":[{"embeddable":true,"href":"https:\/\/brandipruebas.com\/en\/wp-json\/wp\/v2\/users\/1"}],"replies":[{"embeddable":true,"href":"https:\/\/brandipruebas.com\/en\/wp-json\/wp\/v2\/comments?post=781"}],"version-history":[{"count":44,"href":"https:\/\/brandipruebas.com\/en\/wp-json\/wp\/v2\/pages\/781\/revisions"}],"predecessor-version":[{"id":2734,"href":"https:\/\/brandipruebas.com\/en\/wp-json\/wp\/v2\/pages\/781\/revisions\/2734"}],"up":[{"embeddable":true,"href":"https:\/\/brandipruebas.com\/en\/wp-json\/wp\/v2\/pages\/1646"}],"wp:attachment":[{"href":"https:\/\/brandipruebas.com\/en\/wp-json\/wp\/v2\/media?parent=781"}],"curies":[{"name":"wp","href":"https:\/\/api.w.org\/{rel}","templated":true}]}}