{"id":350,"date":"2025-12-12T21:57:04","date_gmt":"2025-12-12T20:57:04","guid":{"rendered":"https:\/\/brandipruebas.com\/?page_id=350"},"modified":"2026-03-12T18:11:41","modified_gmt":"2026-03-12T17:11:41","slug":"contacto","status":"publish","type":"page","link":"https:\/\/brandipruebas.com\/en\/contacto\/","title":{"rendered":"Contact"},"content":{"rendered":"\t\t<div data-elementor-type=\"wp-page\" data-elementor-id=\"350\" class=\"elementor elementor-350\" data-elementor-post-type=\"page\">\n\t\t\t\t<div class=\"elementor-element elementor-element-451cf5f e-con-full e-flex e-con e-parent\" data-id=\"451cf5f\" data-element_type=\"container\" data-settings=\"{&quot;background_background&quot;:&quot;classic&quot;}\">\n\t\t<div class=\"elementor-element elementor-element-331b3bf e-con-full e-flex e-con e-child\" data-id=\"331b3bf\" data-element_type=\"container\">\n\t\t<div class=\"elementor-element elementor-element-1da2fdd e-con-full e-flex e-con e-child\" data-id=\"1da2fdd\" data-element_type=\"container\">\n\t\t\t\t<div class=\"elementor-element elementor-element-cc22f18 elementor-widget elementor-widget-heading\" data-id=\"cc22f18\" data-element_type=\"widget\" data-widget_type=\"heading.default\">\n\t\t\t\t\t<h2 class=\"elementor-heading-title elementor-size-default\">Madrid<\/h2>\t\t\t\t<\/div>\n\t\t\t\t<div class=\"elementor-element elementor-element-327879b elementor-widget elementor-widget-heading\" data-id=\"327879b\" data-element_type=\"widget\" data-widget_type=\"heading.default\">\n\t\t\t\t\t<h2 class=\"elementor-heading-title elementor-size-default\">Serrano 57, 5\u00aa planta<br>28006 MADRID<br>+34 91 781 2800<\/h2>\t\t\t\t<\/div>\n\t\t\t\t<\/div>\n\t\t<div class=\"elementor-element elementor-element-d66522d e-con-full zoom-bg-pro e-flex e-con e-child\" data-id=\"d66522d\" data-element_type=\"container\" data-settings=\"{&quot;background_background&quot;:&quot;classic&quot;}\">\n\t\t\t\t<\/div>\n\t\t\t\t<\/div>\n\t\t\t\t<\/div>\n\t\t<div class=\"elementor-element elementor-element-1a30655 e-flex e-con-boxed e-con e-parent\" data-id=\"1a30655\" data-element_type=\"container\" data-settings=\"{&quot;background_background&quot;:&quot;classic&quot;}\">\n\t\t\t\t\t<div class=\"e-con-inner\">\n\t\t\t\t<div class=\"elementor-element elementor-element-bbf89ae elementor-widget elementor-widget-heading\" data-id=\"bbf89ae\" data-element_type=\"widget\" data-widget_type=\"heading.default\">\n\t\t\t\t\t<h2 class=\"elementor-heading-title elementor-size-default\">Cont\u00e1ctanos<\/h2>\t\t\t\t<\/div>\n\t\t\t\t<div class=\"elementor-element elementor-element-0782e48 elementor-button-align-center form-contacto-ajustes elementor-widget elementor-widget-form\" data-id=\"0782e48\" data-element_type=\"widget\" data-settings=\"{&quot;step_next_label&quot;:&quot;Siguiente&quot;,&quot;step_previous_label&quot;:&quot;Anterior&quot;,&quot;button_width&quot;:&quot;100&quot;,&quot;step_type&quot;:&quot;number_text&quot;,&quot;step_icon_shape&quot;:&quot;circle&quot;}\" data-widget_type=\"form.default\">\n\t\t\t\t\t\t\t<form class=\"elementor-form\" method=\"post\" name=\"Nuevo formulario\" aria-label=\"Nuevo formulario\">\n\t\t\t<input type=\"hidden\" name=\"post_id\" value=\"350\"\/>\n\t\t\t<input type=\"hidden\" name=\"form_id\" value=\"0782e48\"\/>\n\t\t\t<input type=\"hidden\" name=\"referer_title\" value=\"Contacto\" \/>\n\n\t\t\t\t\t\t\t<input type=\"hidden\" name=\"queried_id\" value=\"350\"\/>\n\t\t\t\n\t\t\t<div class=\"elementor-form-fields-wrapper elementor-labels-above\">\n\t\t\t\t\t\t\t\t<div class=\"elementor-field-type-text elementor-field-group elementor-column elementor-field-group-name elementor-col-50\">\n\t\t\t\t\t\t\t\t\t\t\t\t<label for=\"form-field-name\" class=\"elementor-field-label\">\n\t\t\t\t\t\t\t\tNombre\t\t\t\t\t\t\t<\/label>\n\t\t\t\t\t\t\t\t\t\t\t\t\t\t<input size=\"1\" type=\"text\" name=\"form_fields[name]\" id=\"form-field-name\" class=\"elementor-field elementor-size-sm  elementor-field-textual\">\n\t\t\t\t\t\t\t\t\t\t\t<\/div>\n\t\t\t\t\t\t\t\t<div class=\"elementor-field-type-text elementor-field-group elementor-column elementor-field-group-field_e04aeef elementor-col-50\">\n\t\t\t\t\t\t\t\t\t\t\t\t<label for=\"form-field-field_e04aeef\" class=\"elementor-field-label\">\n\t\t\t\t\t\t\t\tApellidos\t\t\t\t\t\t\t<\/label>\n\t\t\t\t\t\t\t\t\t\t\t\t\t\t<input size=\"1\" type=\"text\" name=\"form_fields[field_e04aeef]\" id=\"form-field-field_e04aeef\" class=\"elementor-field elementor-size-sm  elementor-field-textual\">\n\t\t\t\t\t\t\t\t\t\t\t<\/div>\n\t\t\t\t\t\t\t\t<div class=\"elementor-field-type-email elementor-field-group elementor-column elementor-field-group-email elementor-col-100 elementor-field-required\">\n\t\t\t\t\t\t\t\t\t\t\t\t<label for=\"form-field-email\" class=\"elementor-field-label\">\n\t\t\t\t\t\t\t\tEmail\t\t\t\t\t\t\t<\/label>\n\t\t\t\t\t\t\t\t\t\t\t\t\t\t<input size=\"1\" type=\"email\" name=\"form_fields[email]\" id=\"form-field-email\" class=\"elementor-field elementor-size-sm  elementor-field-textual\" required=\"required\">\n\t\t\t\t\t\t\t\t\t\t\t<\/div>\n\t\t\t\t\t\t\t\t<div class=\"elementor-field-type-tel elementor-field-group elementor-column elementor-field-group-field_2574ece elementor-col-100 elementor-field-required\">\n\t\t\t\t\t\t\t\t\t\t\t\t<label for=\"form-field-field_2574ece\" class=\"elementor-field-label\">\n\t\t\t\t\t\t\t\tTel\u00e9fono\t\t\t\t\t\t\t<\/label>\n\t\t\t\t\t\t\t\t<input size=\"1\" type=\"tel\" name=\"form_fields[field_2574ece]\" id=\"form-field-field_2574ece\" class=\"elementor-field elementor-size-sm  elementor-field-textual\" required=\"required\" pattern=\"[0-9()#&amp;+*-=.]+\" title=\"Solo se aceptan n\u00fameros y caracteres de tel\u00e9fono (#,-,*,etc).\">\n\n\t\t\t\t\t\t<\/div>\n\t\t\t\t\t\t\t\t<div class=\"elementor-field-type-text elementor-field-group elementor-column elementor-field-group-field_d3db562 elementor-col-100\">\n\t\t\t\t\t\t\t\t\t\t\t\t<label for=\"form-field-field_d3db562\" class=\"elementor-field-label\">\n\t\t\t\t\t\t\t\tEmpresa\t\t\t\t\t\t\t<\/label>\n\t\t\t\t\t\t\t\t\t\t\t\t\t\t<input size=\"1\" type=\"text\" name=\"form_fields[field_d3db562]\" id=\"form-field-field_d3db562\" class=\"elementor-field elementor-size-sm  elementor-field-textual\">\n\t\t\t\t\t\t\t\t\t\t\t<\/div>\n\t\t\t\t\t\t\t\t<div class=\"elementor-field-type-textarea elementor-field-group elementor-column elementor-field-group-message elementor-col-100\">\n\t\t\t\t\t\t\t\t\t\t\t\t<label for=\"form-field-message\" class=\"elementor-field-label\">\n\t\t\t\t\t\t\t\tMensaje\t\t\t\t\t\t\t<\/label>\n\t\t\t\t\t\t<textarea class=\"elementor-field-textual elementor-field  elementor-size-sm\" name=\"form_fields[message]\" id=\"form-field-message\" rows=\"8\"><\/textarea>\t\t\t\t<\/div>\n\t\t\t\t\t\t\t\t<div class=\"elementor-field-type-acceptance elementor-field-group elementor-column elementor-field-group-field_5980217 elementor-col-100\">\n\t\t\t\t\t\t\t<div class=\"elementor-field-subgroup\">\n\t\t\t<span class=\"elementor-field-option\">\n\t\t\t\t<input type=\"checkbox\" name=\"form_fields[field_5980217]\" id=\"form-field-field_5980217\" class=\"elementor-field elementor-size-sm  elementor-acceptance-field\">\n\t\t\t\t<label for=\"form-field-field_5980217\">He le\u00eddo y acepto la pol\u00edtica de privacidad<\/label>\t\t\t<\/span>\n\t\t<\/div>\n\t\t\t\t\t\t<\/div>\n\t\t\t\t\t\t\t\t<div class=\"elementor-field-group elementor-column elementor-field-type-submit elementor-col-100 e-form__buttons\">\n\t\t\t\t\t<button class=\"elementor-button elementor-size-sm\" type=\"submit\">\n\t\t\t\t\t\t<span class=\"elementor-button-content-wrapper\">\n\t\t\t\t\t\t\t\t\t\t\t\t\t\t\t\t\t\t\t\t\t\t<span class=\"elementor-button-text\">Enviar<\/span>\n\t\t\t\t\t\t\t\t\t\t\t\t\t<\/span>\n\t\t\t\t\t<\/button>\n\t\t\t\t<\/div>\n\t\t\t<\/div>\n\t\t<\/form>\n\t\t\t\t\t\t<\/div>\n\t\t\t\t<div class=\"elementor-element elementor-element-6d61806 elementor-widget elementor-widget-text-editor\" data-id=\"6d61806\" data-element_type=\"widget\" data-widget_type=\"text-editor.default\">\n\t\t\t\t\t\t\t\t\t<main class=\"main\"><\/main><section class=\"contact\"><div class=\"container\"><div class=\"contact__wrapper\"><div class=\"contact__shortcode\"><div id=\"wpcf7-f188-o1\" class=\"wpcf7 js\" dir=\"ltr\" lang=\"es-ES\"><form class=\"wpcf7-form init\" action=\"https:\/\/www.corpfincapital.com\/contacto\/#wpcf7-f188-o1\" method=\"post\" novalidate=\"novalidate\" aria-label=\"Formulario de contacto\" data-status=\"init\"><div><p><span style=\"color: #000000;\">Cl\u00e1usula resumen Pol\u00edtica de Privacidad<\/span><\/p><p><span style=\"color: #000000;\">Responsable del Tratamiento: CORPFIN CAPITAL ASESORES, S.A. SGEIC (en adelante CORPFIN CAPITAL), con CIF A-81604118 y con direcci\u00f3n en C\/ SERRANO, 57, 5\u00ba, 28006 \u2013 MADRID.<\/span><\/p><p><span style=\"color: #000000;\">Finalidad del Tratamiento: Dar respuesta a las solicitudes de informaci\u00f3n del usuario a trav\u00e9s del sitio web y prestarle nuestros servicios en caso de contrataci\u00f3n, as\u00ed como llevar a cabo las obligaciones fiscales y mercantiles.<\/span><\/p><p><span style=\"color: #000000;\">Base de legitimaci\u00f3n del tratamiento: El consentimiento del interesado obtenido mediante la aceptaci\u00f3n de la casilla correspondiente.<\/span><\/p><p><span style=\"color: #000000;\">Derechos en protecci\u00f3n de datos: Puede ejercer sus derechos de acceso, rectificaci\u00f3n, oposici\u00f3n, supresi\u00f3n, limitaci\u00f3n del tratamiento y portabilidad en el correo contacto@corpfincapital.com . En caso de entender que no se le atienden de manera adecuada, puede presentar una reclamaci\u00f3n ante la Agencia Espa\u00f1ola de Protecci\u00f3n de Datos (AEPD) https:\/\/www.aepd.es\/es.<\/span><\/p><p><span style=\"color: #000000;\">Informaci\u00f3n adicional<\/span><\/p><p><span style=\"color: #000000;\">M\u00e1s informaci\u00f3n en el apartado \u201c<span style=\"text-decoration: underline;\"><a style=\"color: #000000; text-decoration: underline;\" href=\"https:\/\/www.corpfincapital.com\/politica-de-privacidad\/\">Pol\u00edtica de privacidad<\/a><\/span>\u201d de nuestra p\u00e1gina web.<\/span><\/p><\/div><\/form><\/div><\/div><\/div><\/div><\/section>\t\t\t\t\t\t\t\t<\/div>\n\t\t\t\t\t<\/div>\n\t\t\t\t<\/div>\n\t\t\t\t<\/div>\n\t\t","protected":false},"excerpt":{"rendered":"<p>Madrid Serrano 57, 5\u00aa planta28006 MADRID+34 91 781 2800 Cont\u00e1ctanos Cl\u00e1usula resumen Pol\u00edtica de Privacidad Responsable del Tratamiento: CORPFIN CAPITAL ASESORES, S.A. SGEIC (en adelante CORPFIN CAPITAL), con CIF A-81604118 y con direcci\u00f3n en C\/ SERRANO, 57, 5\u00ba, 28006 \u2013 MADRID. Finalidad del Tratamiento: Dar respuesta a las solicitudes de informaci\u00f3n del usuario a trav\u00e9s [&hellip;]<\/p>\n","protected":false},"author":1,"featured_media":0,"parent":0,"menu_order":7,"comment_status":"closed","ping_status":"closed","template":"","meta":{"_acf_changed":false,"footnotes":""},"class_list":["post-350","page","type-page","status-publish","hentry"],"acf":[],"_links":{"self":[{"href":"https:\/\/brandipruebas.com\/en\/wp-json\/wp\/v2\/pages\/350","targetHints":{"allow":["GET"]}}],"collection":[{"href":"https:\/\/brandipruebas.com\/en\/wp-json\/wp\/v2\/pages"}],"about":[{"href":"https:\/\/brandipruebas.com\/en\/wp-json\/wp\/v2\/types\/page"}],"author":[{"embeddable":true,"href":"https:\/\/brandipruebas.com\/en\/wp-json\/wp\/v2\/users\/1"}],"replies":[{"embeddable":true,"href":"https:\/\/brandipruebas.com\/en\/wp-json\/wp\/v2\/comments?post=350"}],"version-history":[{"count":64,"href":"https:\/\/brandipruebas.com\/en\/wp-json\/wp\/v2\/pages\/350\/revisions"}],"predecessor-version":[{"id":2152,"href":"https:\/\/brandipruebas.com\/en\/wp-json\/wp\/v2\/pages\/350\/revisions\/2152"}],"wp:attachment":[{"href":"https:\/\/brandipruebas.com\/en\/wp-json\/wp\/v2\/media?parent=350"}],"curies":[{"name":"wp","href":"https:\/\/api.w.org\/{rel}","templated":true}]}}