{"id":2636,"date":"2026-04-13T20:07:23","date_gmt":"2026-04-13T18:07:23","guid":{"rendered":"https:\/\/brandipruebas.com\/?page_id=2636"},"modified":"2026-04-14T13:31:05","modified_gmt":"2026-04-14T11:31:05","slug":"tecam","status":"publish","type":"page","link":"https:\/\/brandipruebas.com\/en\/participadas\/tecam\/","title":{"rendered":"Tecam"},"content":{"rendered":"<div data-elementor-type=\"wp-page\" data-elementor-id=\"2636\" class=\"elementor elementor-2636\" data-elementor-post-type=\"page\">\n\t\t\t\t<div class=\"elementor-element elementor-element-2300eb2 e-con-full e-flex e-con e-parent\" data-id=\"2300eb2\" data-element_type=\"container\" data-settings=\"{&quot;background_background&quot;:&quot;classic&quot;}\">\n\t\t<div class=\"elementor-element elementor-element-b263985 e-con-full elementor-hidden-mobile e-flex e-con e-child\" data-id=\"b263985\" data-element_type=\"container\">\n\t\t\t\t<div class=\"elementor-element elementor-element-2f9e796 elementor-widget elementor-widget-image\" data-id=\"2f9e796\" data-element_type=\"widget\" data-widget_type=\"image.default\">\n\t\t\t\t\t\t\t\t\t\t\t\t\t\t\t\t<a href=\"https:\/\/brandipruebas.com\/en\/participadas\/isolux\/\">\n\t\t\t\t\t\t\t<img decoding=\"async\" width=\"33\" height=\"63\" src=\"https:\/\/brandipruebas.com\/wp-content\/uploads\/2025\/12\/Group-2.png\" class=\"elementor-animation-shrink attachment-full size-full wp-image-785\" alt=\"\" \/>\t\t\t\t\t\t\t\t<\/a>\n\t\t\t\t\t\t\t\t\t\t\t\t\t\t\t<\/div>\n\t\t\t\t<\/div>\n\t\t<div class=\"elementor-element elementor-element-4c0a91b e-con-full e-flex e-con e-child\" data-id=\"4c0a91b\" data-element_type=\"container\">\n\t\t<div class=\"elementor-element elementor-element-249bf84 e-con-full e-flex e-con e-child\" data-id=\"249bf84\" data-element_type=\"container\" data-settings=\"{&quot;background_background&quot;:&quot;classic&quot;}\">\n\t\t<div class=\"elementor-element elementor-element-e92fb47 e-con-full e-flex e-con e-child\" data-id=\"e92fb47\" data-element_type=\"container\">\n\t\t\t\t<div class=\"elementor-element elementor-element-3666609 elementor-widget elementor-widget-heading\" data-id=\"3666609\" data-element_type=\"widget\" data-widget_type=\"heading.default\">\n\t\t\t\t\t<h1 class=\"elementor-heading-title elementor-size-default\">Tecam<\/h1>\t\t\t\t<\/div>\n\t\t\t\t<div class=\"elementor-element elementor-element-890c094 elementor-widget elementor-widget-heading\" data-id=\"890c094\" data-element_type=\"widget\" data-widget_type=\"heading.default\">\n\t\t\t\t\t<h2 class=\"elementor-heading-title elementor-size-default\">Design and assembly of company and office equipment<\/h2>\t\t\t\t<\/div>\n\t\t<div class=\"elementor-element elementor-element-60c0b7c e-con-full e-flex e-con e-child\" data-id=\"60c0b7c\" data-element_type=\"container\">\n\t\t\t\t<div class=\"elementor-element elementor-element-0d991b5 elementor-icon-list--layout-traditional elementor-list-item-link-full_width elementor-widget elementor-widget-icon-list\" data-id=\"0d991b5\" data-element_type=\"widget\" data-widget_type=\"icon-list.default\">\n\t\t\t\t\t\t\t<ul class=\"elementor-icon-list-items\">\n\t\t\t\t\t\t\t<li class=\"elementor-icon-list-item\">\n\t\t\t\t\t\t\t\t\t\t\t<span class=\"elementor-icon-list-icon\">\n\t\t\t\t\t\t\t<svg xmlns=\"http:\/\/www.w3.org\/2000\/svg\" id=\"Capa_1\" data-name=\"Capa 1\" viewbox=\"0 0 1080 1080\"><defs><style>      .cls-1 {        fill: #1d1d1b;      }      .cls-1, .cls-2, .cls-3 {        font-family: SchibstedGrotesk-Regular, 'Schibsted Grotesk';        font-size: 1000px;        font-variation-settings: 'wght' 400;      }      .cls-2 {        fill: #1a2947;      }      .cls-3 {        fill: #a3d4e2;      }    <\/style><\/defs><text class=\"cls-3\" transform=\"translate(222.62 847.37)\"><tspan x=\"0\" y=\"0\">+<\/tspan><\/text><text class=\"cls-1\" transform=\"translate(-1001.77 1660.48) rotate(45)\"><tspan x=\"0\" y=\"0\">+<\/tspan><\/text><text class=\"cls-3\" transform=\"translate(98.23 1660.48) rotate(45)\"><tspan x=\"0\" y=\"0\">+<\/tspan><\/text><text class=\"cls-2\" transform=\"translate(1221.48 1660.48) rotate(45)\"><tspan x=\"0\" y=\"0\">+<\/tspan><\/text><\/svg>\t\t\t\t\t\t<\/span>\n\t\t\t\t\t\t\t\t\t\t<span class=\"elementor-icon-list-text\">Transaction Type<\/span>\n\t\t\t\t\t\t\t\t\t<\/li>\n\t\t\t\t\t\t<\/ul>\n\t\t\t\t\t\t<\/div>\n\t\t\t\t<div class=\"elementor-element elementor-element-8069e54 elementor-widget-divider--view-line elementor-widget elementor-widget-divider\" data-id=\"8069e54\" data-element_type=\"widget\" data-widget_type=\"divider.default\">\n\t\t\t\t\t\t\t<div class=\"elementor-divider\">\n\t\t\t<span class=\"elementor-divider-separator\">\n\t\t\t\t\t\t<\/span>\n\t\t<\/div>\n\t\t\t\t\t\t<\/div>\n\t\t\t\t<div class=\"elementor-element elementor-element-617d356 elementor-widget elementor-widget-heading\" data-id=\"617d356\" data-element_type=\"widget\" data-widget_type=\"heading.default\">\n\t\t\t\t\t<h2 class=\"elementor-heading-title elementor-size-default\">Owner\u2019s Buy-Out (OBO)\n<\/h2>\t\t\t\t<\/div>\n\t\t\t\t<\/div>\n\t\t<div class=\"elementor-element elementor-element-4bd7660 e-con-full e-flex e-con e-child\" data-id=\"4bd7660\" data-element_type=\"container\">\n\t\t\t\t<div class=\"elementor-element elementor-element-add3254 elementor-icon-list--layout-traditional elementor-list-item-link-full_width elementor-widget elementor-widget-icon-list\" data-id=\"add3254\" data-element_type=\"widget\" data-widget_type=\"icon-list.default\">\n\t\t\t\t\t\t\t<ul class=\"elementor-icon-list-items\">\n\t\t\t\t\t\t\t<li class=\"elementor-icon-list-item\">\n\t\t\t\t\t\t\t\t\t\t\t<span class=\"elementor-icon-list-icon\">\n\t\t\t\t\t\t\t<svg xmlns=\"http:\/\/www.w3.org\/2000\/svg\" id=\"Capa_1\" data-name=\"Capa 1\" viewbox=\"0 0 1080 1080\"><defs><style>      .cls-1 {        fill: #1d1d1b;      }      .cls-1, .cls-2, .cls-3 {        font-family: SchibstedGrotesk-Regular, 'Schibsted Grotesk';        font-size: 1000px;        font-variation-settings: 'wght' 400;      }      .cls-2 {        fill: #1a2947;      }      .cls-3 {        fill: #a3d4e2;      }    <\/style><\/defs><text class=\"cls-3\" transform=\"translate(222.62 847.37)\"><tspan x=\"0\" y=\"0\">+<\/tspan><\/text><text class=\"cls-1\" transform=\"translate(-1001.77 1660.48) rotate(45)\"><tspan x=\"0\" y=\"0\">+<\/tspan><\/text><text class=\"cls-3\" transform=\"translate(98.23 1660.48) rotate(45)\"><tspan x=\"0\" y=\"0\">+<\/tspan><\/text><text class=\"cls-2\" transform=\"translate(1221.48 1660.48) rotate(45)\"><tspan x=\"0\" y=\"0\">+<\/tspan><\/text><\/svg>\t\t\t\t\t\t<\/span>\n\t\t\t\t\t\t\t\t\t\t<span class=\"elementor-icon-list-text\">Equity stake<\/span>\n\t\t\t\t\t\t\t\t\t<\/li>\n\t\t\t\t\t\t<\/ul>\n\t\t\t\t\t\t<\/div>\n\t\t\t\t<div class=\"elementor-element elementor-element-1f4dbdf elementor-widget-divider--view-line elementor-widget elementor-widget-divider\" data-id=\"1f4dbdf\" data-element_type=\"widget\" data-widget_type=\"divider.default\">\n\t\t\t\t\t\t\t<div class=\"elementor-divider\">\n\t\t\t<span class=\"elementor-divider-separator\">\n\t\t\t\t\t\t<\/span>\n\t\t<\/div>\n\t\t\t\t\t\t<\/div>\n\t\t\t\t<div class=\"elementor-element elementor-element-d524c2c elementor-widget elementor-widget-heading\" data-id=\"d524c2c\" data-element_type=\"widget\" data-widget_type=\"heading.default\">\n\t\t\t\t\t<h2 class=\"elementor-heading-title elementor-size-default\">60%<\/h2>\t\t\t\t<\/div>\n\t\t\t\t<\/div>\n\t\t<div class=\"elementor-element elementor-element-561fd15 e-con-full e-flex e-con e-child\" data-id=\"561fd15\" data-element_type=\"container\">\n\t\t\t\t<div class=\"elementor-element elementor-element-532e625 elementor-icon-list--layout-traditional elementor-list-item-link-full_width elementor-widget elementor-widget-icon-list\" data-id=\"532e625\" data-element_type=\"widget\" data-widget_type=\"icon-list.default\">\n\t\t\t\t\t\t\t<ul class=\"elementor-icon-list-items\">\n\t\t\t\t\t\t\t<li class=\"elementor-icon-list-item\">\n\t\t\t\t\t\t\t\t\t\t\t<span class=\"elementor-icon-list-icon\">\n\t\t\t\t\t\t\t<svg xmlns=\"http:\/\/www.w3.org\/2000\/svg\" id=\"Capa_1\" data-name=\"Capa 1\" viewbox=\"0 0 1080 1080\"><defs><style>      .cls-1 {        fill: #1d1d1b;      }      .cls-1, .cls-2, .cls-3 {        font-family: SchibstedGrotesk-Regular, 'Schibsted Grotesk';        font-size: 1000px;        font-variation-settings: 'wght' 400;      }      .cls-2 {        fill: #1a2947;      }      .cls-3 {        fill: #a3d4e2;      }    <\/style><\/defs><text class=\"cls-3\" transform=\"translate(222.62 847.37)\"><tspan x=\"0\" y=\"0\">+<\/tspan><\/text><text class=\"cls-1\" transform=\"translate(-1001.77 1660.48) rotate(45)\"><tspan x=\"0\" y=\"0\">+<\/tspan><\/text><text class=\"cls-3\" transform=\"translate(98.23 1660.48) rotate(45)\"><tspan x=\"0\" y=\"0\">+<\/tspan><\/text><text class=\"cls-2\" transform=\"translate(1221.48 1660.48) rotate(45)\"><tspan x=\"0\" y=\"0\">+<\/tspan><\/text><\/svg>\t\t\t\t\t\t<\/span>\n\t\t\t\t\t\t\t\t\t\t<span class=\"elementor-icon-list-text\">Investment year<\/span>\n\t\t\t\t\t\t\t\t\t<\/li>\n\t\t\t\t\t\t<\/ul>\n\t\t\t\t\t\t<\/div>\n\t\t\t\t<div class=\"elementor-element elementor-element-6cdcfcd elementor-widget-divider--view-line elementor-widget elementor-widget-divider\" data-id=\"6cdcfcd\" data-element_type=\"widget\" data-widget_type=\"divider.default\">\n\t\t\t\t\t\t\t<div class=\"elementor-divider\">\n\t\t\t<span class=\"elementor-divider-separator\">\n\t\t\t\t\t\t<\/span>\n\t\t<\/div>\n\t\t\t\t\t\t<\/div>\n\t\t\t\t<div class=\"elementor-element elementor-element-7e5c468 elementor-widget elementor-widget-heading\" data-id=\"7e5c468\" data-element_type=\"widget\" data-widget_type=\"heading.default\">\n\t\t\t\t\t<h2 class=\"elementor-heading-title elementor-size-default\">2006<\/h2>\t\t\t\t<\/div>\n\t\t\t\t<\/div>\n\t\t<div class=\"elementor-element elementor-element-d9d14d2 e-con-full e-flex e-con e-child\" data-id=\"d9d14d2\" data-element_type=\"container\">\n\t\t\t\t<div class=\"elementor-element elementor-element-3e711c3 elementor-icon-list--layout-traditional elementor-list-item-link-full_width elementor-widget elementor-widget-icon-list\" data-id=\"3e711c3\" data-element_type=\"widget\" data-widget_type=\"icon-list.default\">\n\t\t\t\t\t\t\t<ul class=\"elementor-icon-list-items\">\n\t\t\t\t\t\t\t<li class=\"elementor-icon-list-item\">\n\t\t\t\t\t\t\t\t\t\t\t<span class=\"elementor-icon-list-icon\">\n\t\t\t\t\t\t\t<svg xmlns=\"http:\/\/www.w3.org\/2000\/svg\" id=\"Capa_1\" data-name=\"Capa 1\" viewbox=\"0 0 1080 1080\"><defs><style>      .cls-1 {        fill: #1d1d1b;      }      .cls-1, .cls-2, .cls-3 {        font-family: SchibstedGrotesk-Regular, 'Schibsted Grotesk';        font-size: 1000px;        font-variation-settings: 'wght' 400;      }      .cls-2 {        fill: #1a2947;      }      .cls-3 {        fill: #a3d4e2;      }    <\/style><\/defs><text class=\"cls-3\" transform=\"translate(222.62 847.37)\"><tspan x=\"0\" y=\"0\">+<\/tspan><\/text><text class=\"cls-1\" transform=\"translate(-1001.77 1660.48) rotate(45)\"><tspan x=\"0\" y=\"0\">+<\/tspan><\/text><text class=\"cls-3\" transform=\"translate(98.23 1660.48) rotate(45)\"><tspan x=\"0\" y=\"0\">+<\/tspan><\/text><text class=\"cls-2\" transform=\"translate(1221.48 1660.48) rotate(45)\"><tspan x=\"0\" y=\"0\">+<\/tspan><\/text><\/svg>\t\t\t\t\t\t<\/span>\n\t\t\t\t\t\t\t\t\t\t<span class=\"elementor-icon-list-text\">Divestment year<\/span>\n\t\t\t\t\t\t\t\t\t<\/li>\n\t\t\t\t\t\t<\/ul>\n\t\t\t\t\t\t<\/div>\n\t\t\t\t<div class=\"elementor-element elementor-element-d8ee412 elementor-widget-divider--view-line elementor-widget elementor-widget-divider\" data-id=\"d8ee412\" data-element_type=\"widget\" data-widget_type=\"divider.default\">\n\t\t\t\t\t\t\t<div class=\"elementor-divider\">\n\t\t\t<span class=\"elementor-divider-separator\">\n\t\t\t\t\t\t<\/span>\n\t\t<\/div>\n\t\t\t\t\t\t<\/div>\n\t\t\t\t<div class=\"elementor-element elementor-element-451ce94 elementor-widget elementor-widget-heading\" data-id=\"451ce94\" data-element_type=\"widget\" data-widget_type=\"heading.default\">\n\t\t\t\t\t<h2 class=\"elementor-heading-title elementor-size-default\">2010<\/h2>\t\t\t\t<\/div>\n\t\t\t\t<\/div>\n\t\t<div class=\"elementor-element elementor-element-0907725 e-con-full e-flex e-con e-child\" data-id=\"0907725\" data-element_type=\"container\">\n\t\t\t\t<div class=\"elementor-element elementor-element-50b992e elementor-icon-list--layout-traditional elementor-list-item-link-full_width elementor-widget elementor-widget-icon-list\" data-id=\"50b992e\" data-element_type=\"widget\" data-widget_type=\"icon-list.default\">\n\t\t\t\t\t\t\t<ul class=\"elementor-icon-list-items\">\n\t\t\t\t\t\t\t<li class=\"elementor-icon-list-item\">\n\t\t\t\t\t\t\t\t\t\t\t<span class=\"elementor-icon-list-icon\">\n\t\t\t\t\t\t\t<svg xmlns=\"http:\/\/www.w3.org\/2000\/svg\" id=\"Capa_1\" data-name=\"Capa 1\" viewbox=\"0 0 1080 1080\"><defs><style>      .cls-1 {        fill: #1d1d1b;      }      .cls-1, .cls-2, .cls-3 {        font-family: SchibstedGrotesk-Regular, 'Schibsted Grotesk';        font-size: 1000px;        font-variation-settings: 'wght' 400;      }      .cls-2 {        fill: #1a2947;      }      .cls-3 {        fill: #a3d4e2;      }    <\/style><\/defs><text class=\"cls-3\" transform=\"translate(222.62 847.37)\"><tspan x=\"0\" y=\"0\">+<\/tspan><\/text><text class=\"cls-1\" transform=\"translate(-1001.77 1660.48) rotate(45)\"><tspan x=\"0\" y=\"0\">+<\/tspan><\/text><text class=\"cls-3\" transform=\"translate(98.23 1660.48) rotate(45)\"><tspan x=\"0\" y=\"0\">+<\/tspan><\/text><text class=\"cls-2\" transform=\"translate(1221.48 1660.48) rotate(45)\"><tspan x=\"0\" y=\"0\">+<\/tspan><\/text><\/svg>\t\t\t\t\t\t<\/span>\n\t\t\t\t\t\t\t\t\t\t<span class=\"elementor-icon-list-text\">Headquarters<\/span>\n\t\t\t\t\t\t\t\t\t<\/li>\n\t\t\t\t\t\t<\/ul>\n\t\t\t\t\t\t<\/div>\n\t\t\t\t<div class=\"elementor-element elementor-element-40692a3 elementor-widget-divider--view-line elementor-widget elementor-widget-divider\" data-id=\"40692a3\" data-element_type=\"widget\" data-widget_type=\"divider.default\">\n\t\t\t\t\t\t\t<div class=\"elementor-divider\">\n\t\t\t<span class=\"elementor-divider-separator\">\n\t\t\t\t\t\t<\/span>\n\t\t<\/div>\n\t\t\t\t\t\t<\/div>\n\t\t\t\t<div class=\"elementor-element elementor-element-30c87c4 elementor-widget elementor-widget-heading\" data-id=\"30c87c4\" data-element_type=\"widget\" data-widget_type=\"heading.default\">\n\t\t\t\t\t<h2 class=\"elementor-heading-title elementor-size-default\">La Coru\u00f1a (Spain)<\/h2>\t\t\t\t<\/div>\n\t\t\t\t<\/div>\n\t\t\t\t<\/div>\n\t\t<div class=\"elementor-element elementor-element-e7c0bb5 e-con-full e-flex e-con e-child\" data-id=\"e7c0bb5\" data-element_type=\"container\">\n\t\t\t\t<div class=\"elementor-element elementor-element-69ea44c elementor-widget elementor-widget-text-editor\" data-id=\"69ea44c\" data-element_type=\"widget\" data-widget_type=\"text-editor.default\">\n\t\t\t\t\t\t\t\t\t<p>Grupo Tecam was the leader in the design and execution of turnkey projects for the installation and assembly of equipment and furniture. Specialised in the hotel, banking, health and food distribution sectors, the company also offered retail furniture through its own and franchised network across Spain.<\/p><p>Corpfin completed its exit in 2010.<\/p>\t\t\t\t\t\t\t\t<\/div>\n\t\t\t\t<\/div>\n\t\t\t\t<\/div>\n\t\t\t\t<\/div>\n\t\t<div class=\"elementor-element elementor-element-7735bd1 e-con-full elementor-hidden-mobile e-flex e-con e-child\" data-id=\"7735bd1\" data-element_type=\"container\">\n\t\t\t\t<div class=\"elementor-element elementor-element-6f5660f elementor-widget elementor-widget-image\" data-id=\"6f5660f\" data-element_type=\"widget\" data-widget_type=\"image.default\">\n\t\t\t\t\t\t\t\t\t\t\t\t\t\t\t\t<a href=\"https:\/\/brandipruebas.com\/en\/participadas\/segur-iberica\/\">\n\t\t\t\t\t\t\t<img decoding=\"async\" width=\"33\" height=\"63\" src=\"https:\/\/brandipruebas.com\/wp-content\/uploads\/2025\/12\/Group-1.png\" class=\"elementor-animation-shrink attachment-full size-full wp-image-784\" alt=\"\" \/>\t\t\t\t\t\t\t\t<\/a>\n\t\t\t\t\t\t\t\t\t\t\t\t\t\t\t<\/div>\n\t\t\t\t<\/div>\n\t\t\t\t<\/div>\n\t\t<div class=\"elementor-element elementor-element-038e8ad elementor-hidden-desktop elementor-hidden-tablet e-flex e-con-boxed e-con e-parent\" data-id=\"038e8ad\" data-element_type=\"container\" data-settings=\"{&quot;background_background&quot;:&quot;classic&quot;}\">\n\t\t\t\t\t<div class=\"e-con-inner\">\n\t\t<div class=\"elementor-element elementor-element-1ca7053 e-con-full e-flex e-con e-child\" data-id=\"1ca7053\" data-element_type=\"container\">\n\t\t\t\t<div class=\"elementor-element elementor-element-a729651 elementor-widget elementor-widget-image\" data-id=\"a729651\" data-element_type=\"widget\" data-widget_type=\"image.default\">\n\t\t\t\t\t\t\t\t\t\t\t\t\t\t\t\t<a href=\"https:\/\/brandipruebas.com\/en\/participadas\/isolux\/\">\n\t\t\t\t\t\t\t<img decoding=\"async\" width=\"33\" height=\"63\" src=\"https:\/\/brandipruebas.com\/wp-content\/uploads\/2025\/12\/Group-2.png\" class=\"elementor-animation-shrink attachment-full size-full wp-image-785\" alt=\"\" \/>\t\t\t\t\t\t\t\t<\/a>\n\t\t\t\t\t\t\t\t\t\t\t\t\t\t\t<\/div>\n\t\t\t\t<\/div>\n\t\t<div class=\"elementor-element elementor-element-6a965ab e-con-full e-flex e-con e-child\" data-id=\"6a965ab\" data-element_type=\"container\">\n\t\t\t\t<div class=\"elementor-element elementor-element-c4c1240 elementor-widget elementor-widget-image\" data-id=\"c4c1240\" data-element_type=\"widget\" data-widget_type=\"image.default\">\n\t\t\t\t\t\t\t\t\t\t\t\t\t\t\t\t<a href=\"https:\/\/brandipruebas.com\/en\/participadas\/segur-iberica\/\">\n\t\t\t\t\t\t\t<img decoding=\"async\" width=\"33\" height=\"63\" src=\"https:\/\/brandipruebas.com\/wp-content\/uploads\/2025\/12\/Group-1.png\" class=\"elementor-animation-shrink attachment-full size-full wp-image-784\" alt=\"\" \/>\t\t\t\t\t\t\t\t<\/a>\n\t\t\t\t\t\t\t\t\t\t\t\t\t\t\t<\/div>\n\t\t\t\t<\/div>\n\t\t\t\t\t<\/div>\n\t\t\t\t<\/div>\n\t\t\t\t<\/div>","protected":false},"excerpt":{"rendered":"<p>L\u00edder en el dise\u00f1o y ejecuci\u00f3n de proyectos llave en mano para la instalaci\u00f3n y montaje de equipamiento y mobiliario. <\/p>","protected":false},"author":1,"featured_media":725,"parent":1646,"menu_order":0,"comment_status":"closed","ping_status":"closed","template":"","meta":{"_acf_changed":false,"footnotes":""},"class_list":["post-2636","page","type-page","status-publish","has-post-thumbnail","hentry"],"acf":[],"_links":{"self":[{"href":"https:\/\/brandipruebas.com\/en\/wp-json\/wp\/v2\/pages\/2636","targetHints":{"allow":["GET"]}}],"collection":[{"href":"https:\/\/brandipruebas.com\/en\/wp-json\/wp\/v2\/pages"}],"about":[{"href":"https:\/\/brandipruebas.com\/en\/wp-json\/wp\/v2\/types\/page"}],"author":[{"embeddable":true,"href":"https:\/\/brandipruebas.com\/en\/wp-json\/wp\/v2\/users\/1"}],"replies":[{"embeddable":true,"href":"https:\/\/brandipruebas.com\/en\/wp-json\/wp\/v2\/comments?post=2636"}],"version-history":[{"count":7,"href":"https:\/\/brandipruebas.com\/en\/wp-json\/wp\/v2\/pages\/2636\/revisions"}],"predecessor-version":[{"id":2890,"href":"https:\/\/brandipruebas.com\/en\/wp-json\/wp\/v2\/pages\/2636\/revisions\/2890"}],"up":[{"embeddable":true,"href":"https:\/\/brandipruebas.com\/en\/wp-json\/wp\/v2\/pages\/1646"}],"wp:featuredmedia":[{"embeddable":true,"href":"https:\/\/brandipruebas.com\/en\/wp-json\/wp\/v2\/media\/725"}],"wp:attachment":[{"href":"https:\/\/brandipruebas.com\/en\/wp-json\/wp\/v2\/media?parent=2636"}],"curies":[{"name":"wp","href":"https:\/\/api.w.org\/{rel}","templated":true}]}}